{"id":975,"date":"2016-11-18T17:06:11","date_gmt":"2016-11-18T17:06:11","guid":{"rendered":"http:\/\/localhost\/senior_care_wp\/?page_id=975"},"modified":"2021-04-23T11:42:10","modified_gmt":"2021-04-23T09:42:10","slug":"contact","status":"publish","type":"page","link":"https:\/\/www.notredamedesmines.fr\/index.php\/contact\/","title":{"rendered":"Contact"},"content":{"rendered":"<div class=\"wpb-content-wrapper\">[vc_row css=&#8221;.vc_custom_1544100351964{background-image: url(https:\/\/www.notredamedesmines.fr\/wp-content\/uploads\/2018\/12\/bouquet-bg.jpg?id=2573) !important;}&#8221;][vc_column][vc_empty_space height=&#8221;10&#8243;][vc_custom_heading source=&#8221;post_title&#8221; font_container=&#8221;tag:h2|text_align:center|color:%23ffffff&#8221; google_fonts=&#8221;font_family:Playfair%20Display%3Aregular%2Citalic%2C700%2C700italic%2C900%2C900italic|font_style:700%20bold%20regular%3A700%3Anormal&#8221;][vc_empty_space height=&#8221;30&#8243;][\/vc_column][\/vc_row][vc_row][vc_column][vc_empty_space]<h2 class=\"only-heading margin-top-0  srcare_custom kc_3301656457 srcare_custom kc_3301656457\"   data-custom_style=\"h2.kc_3301656457::after{background: #F25764;}h2.kc_3301656457::after{background-image: none; background: #F25764 !important;}\">Pour nous trouver<\/h2>[vc_row_inner][vc_column_inner width=&#8221;2\/5&#8243;][vc_column_text css_animation=&#8221;left-to-right&#8221;]\n<h3 style=\"text-align: right;\"><strong>Notre Dame des Mines est situ\u00e9e<\/strong><\/h3>\n<h3 style=\"text-align: right;\"><strong>dans le village de Moli\u00e8res sur C\u00e8ze,<\/strong><\/h3>\n<h3 style=\"text-align: right;\"><strong>\u00e0 7 kilom\u00e8tres de Saint-Ambroix,<\/strong><\/h3>\n<h3 style=\"text-align: right;\"><strong>26 kilom\u00e8tres d\u2019Al\u00e8s et \u00e0 proximit\u00e9<\/strong><\/h3>\n<h3 style=\"text-align: right;\"><strong>de l\u2019Ard\u00e8che et de la Loz\u00e8re<\/strong><\/h3>\n[\/vc_column_text][\/vc_column_inner][vc_column_inner width=&#8221;3\/5&#8243;][vc_single_image image=&#8221;2676&#8243; img_size=&#8221;full&#8221; alignment=&#8221;center&#8221; css_animation=&#8221;right-to-left&#8221;][\/vc_column_inner][\/vc_row_inner][vc_empty_space][\/vc_column][\/vc_row][vc_row][vc_column][vc_empty_space]<h2 class=\"only-heading margin-top-0  srcare_custom kc_1954561413 srcare_custom kc_1954561413\"   data-custom_style=\"h2.kc_1954561413::after{background: #F25764;}h2.kc_1954561413::after{background-image: none; background: #F25764 !important;}\">Pour nous joindre<\/h2>[\/vc_column][\/vc_row][vc_row equal_height=&#8221;yes&#8221; content_placement=&#8221;top&#8221;][vc_column width=&#8221;1\/2&#8243;][vc_row_inner][vc_column_inner]\n<div class=\"wpcf7 no-js\" id=\"wpcf7-f2472-o1\" lang=\"en-US\" dir=\"ltr\" data-wpcf7-id=\"2472\">\n<div class=\"screen-reader-response\"><p role=\"status\" aria-live=\"polite\" aria-atomic=\"true\"><\/p> <ul><\/ul><\/div>\n<form action=\"\/index.php\/wp-json\/wp\/v2\/pages\/975#wpcf7-f2472-o1\" method=\"post\" class=\"wpcf7-form init\" aria-label=\"Contact form\" novalidate=\"novalidate\" data-status=\"init\">\n<fieldset class=\"hidden-fields-container\"><input type=\"hidden\" name=\"_wpcf7\" value=\"2472\" \/><input type=\"hidden\" name=\"_wpcf7_version\" value=\"6.1.5\" \/><input type=\"hidden\" name=\"_wpcf7_locale\" value=\"en_US\" \/><input type=\"hidden\" name=\"_wpcf7_unit_tag\" value=\"wpcf7-f2472-o1\" \/><input type=\"hidden\" name=\"_wpcf7_container_post\" value=\"0\" \/><input type=\"hidden\" name=\"_wpcf7_posted_data_hash\" value=\"\" \/>\n<\/fieldset>\n<p><span class=\"wpcf7-form-control-wrap\" data-name=\"your-name\"><input size=\"40\" maxlength=\"400\" class=\"wpcf7-form-control wpcf7-text wpcf7-validates-as-required\" aria-required=\"true\" aria-invalid=\"false\" value=\"NOM\" type=\"text\" name=\"your-name\" \/><\/span>\n<\/p>\n<p><span class=\"wpcf7-form-control-wrap\" data-name=\"your-email\"><input size=\"40\" maxlength=\"400\" class=\"wpcf7-form-control wpcf7-email wpcf7-validates-as-required wpcf7-text wpcf7-validates-as-email\" aria-required=\"true\" aria-invalid=\"false\" value=\"EMAIL\" type=\"email\" name=\"your-email\" \/><\/span>\n<\/p>\n<p><span class=\"wpcf7-form-control-wrap\" data-name=\"your-phone\"><input size=\"40\" maxlength=\"400\" class=\"wpcf7-form-control wpcf7-text\" aria-invalid=\"false\" value=\"NUM\u00c9RO DE T\u00c9L\u00c9PHONE\" type=\"text\" name=\"your-phone\" \/><\/span>\n<\/p>\n<p><span class=\"wpcf7-form-control-wrap\" data-name=\"your-message\"><textarea cols=\"40\" rows=\"5\" maxlength=\"2000\" class=\"wpcf7-form-control wpcf7-textarea\" aria-invalid=\"false\" name=\"your-message\">VOTRE MESSAGE<\/textarea><\/span>\n<\/p>\n<p><input class=\"wpcf7-form-control wpcf7-submit has-spinner\" type=\"submit\" value=\"Envoyer\" \/>\n<\/p>\n<div id=\"cf7sr-69eaeef5ef92c\" class=\"cf7sr-g-recaptcha\" data-theme=\"light\" data-type=\"image\" data-size=\"normal\" data-sitekey=\"6LcuCbYaAAAAAMyx9DoLONjYSUraytnZx93ulCbA\"><\/div><span class=\"wpcf7-form-control-wrap cf7sr-recaptcha\" data-name=\"cf7sr-recaptcha\"><input type=\"hidden\" name=\"cf7sr-recaptcha\" value=\"\" class=\"wpcf7-form-control\"><\/span>\n<\/p><div class=\"wpcf7-response-output\" aria-hidden=\"true\"><\/div>\n<\/form>\n<\/div>\n[\/vc_column_inner][\/vc_row_inner][vc_empty_space][\/vc_column][vc_column width=&#8221;1\/2&#8243;][vc_row_inner][vc_column_inner width=&#8221;1\/5&#8243;][vc_icon icon_fontawesome=&#8221;fa fa-clock-o&#8221; color=&#8221;custom&#8221; align=&#8221;right&#8221; css_animation=&#8221;zoomIn&#8221; custom_color=&#8221;#f25764&#8243;][vc_icon icon_fontawesome=&#8221;fa fa-phone&#8221; color=&#8221;custom&#8221; align=&#8221;right&#8221; css_animation=&#8221;zoomIn&#8221; custom_color=&#8221;#f25764&#8243; css=&#8221;.vc_custom_1544209158012{margin-top: -12px !important;}&#8221;][\/vc_column_inner][vc_column_inner width=&#8221;4\/5&#8243;][vc_column_text]\n<h4><strong>Les bureaux sont ouverts du lundi au vendredi<br \/>\nde 8h30 \u00e0 12h30 et de 13h30 \u00e0 17h30.<\/strong><\/h4>\n[\/vc_column_text][vc_column_text]\n<h2><span style=\"color: #f25764;\">04 66 24 06 18<\/span><\/h2>\n[\/vc_column_text][\/vc_column_inner][\/vc_row_inner][vc_row_inner][vc_column_inner width=&#8221;1\/5&#8243;][vc_icon icon_fontawesome=&#8221;fa fa-envelope-open&#8221; color=&#8221;custom&#8221; align=&#8221;right&#8221; css_animation=&#8221;zoomIn&#8221; custom_color=&#8221;#f25764&#8243;][\/vc_column_inner][vc_column_inner width=&#8221;4\/5&#8243;][vc_column_text]\n<h4>Pour nous \u00e9crire par courrier :<\/h4>\n<p>EHPAD NOTRE DAME DES MINES<br \/>\nQUARTIER LA FRIGOULE<br \/>\n30 410 MOLIERES SUR CEZE[\/vc_column_text][\/vc_column_inner][\/vc_row_inner][\/vc_column][\/vc_row][vc_row acw=&#8221;0&#8243;][vc_column css=&#8221;.vc_custom_1479492511335{padding-top: 0px !important;padding-bottom: 0px !important;}&#8221;][vc_gmaps link=&#8221;#E-8_JTNDaWZyYW1lJTIwc3JjJTNEJTIyaHR0cHMlM0ElMkYlMkZ3d3cuZ29vZ2xlLmNvbSUyRm1hcHMlMkZlbWJlZCUzRnBiJTNEJTIxMW0xOCUyMTFtMTIlMjExbTMlMjExZDI4NTcuNTAyNzI5NTA3MDQ5JTIxMmQ0LjE1ODEwNTgxNjExMzQwMyUyMTNkNDQuMjU4NDc1OTc5MTA1MiUyMTJtMyUyMTFmMCUyMTJmMCUyMTNmMCUyMTNtMiUyMTFpMTAyNCUyMTJpNzY4JTIxNGYxMy4xJTIxM20zJTIxMW0yJTIxMXMweDEyYjQ1OTRmZWEwZGU1ZjclMjUzQTB4NjNkMmMzYmY0ODU1ODEwZSUyMTJzTWFpc29uJTJCZGUlMkJSZXRyYWl0ZSUyQk5vdHJlJTJCRGFtZSUyQmRlcyUyQk1pbmVzJTIxNWUwJTIxM20yJTIxMXNmciUyMTJzZnIlMjE0djE1NDQxOTU3ODk2ODclMjIlMjB3aWR0aCUzRCUyMjgwMCUyMiUyMGhlaWdodCUzRCUyMjYwMCUyMiUyMGZyYW1lYm9yZGVyJTNEJTIyMCUyMiUyMHN0eWxlJTNEJTIyYm9yZGVyJTNBMCUyMiUyMGFsbG93ZnVsbHNjcmVlbiUzRSUzQyUyRmlmcmFtZSUzRQ==&#8221; css=&#8221;.vc_custom_1544195901750{margin-top: 0px !important;margin-right: 0px !important;margin-bottom: 0px !important;margin-left: 0px !important;padding-top: 0px !important;padding-right: 0px !important;padding-bottom: 0px !important;padding-left: 0px !important;}&#8221;][\/vc_column][\/vc_row][vc_column][vc_empty_space][\/vc_column]\n<\/div>","protected":false},"excerpt":{"rendered":"<p>[vc_row css=&#8221;.vc_custom_1544100351964{background-image: url(https:\/\/www.notredamedesmines.fr\/wp-content\/uploads\/2018\/12\/bouquet-bg.jpg?id=2573) !important;}&#8221;][vc_column][vc_empty_space height=&#8221;10&#8243;][vc_custom_heading source=&#8221;post_title&#8221; font_container=&#8221;tag:h2|text_align:center|color:%23ffffff&#8221; google_fonts=&#8221;font_family:Playfair%20Display%3Aregular%2Citalic%2C700%2C700italic%2C900%2C900italic|font_style:700%20bold%20regular%3A700%3Anormal&#8221;][vc_empty_space height=&#8221;30&#8243;][\/vc_column][\/vc_row][vc_row][vc_column][vc_empty_space][vc_row_inner][vc_column_inner width=&#8221;2\/5&#8243;][vc_column_text css_animation=&#8221;left-to-right&#8221;] Notre Dame des Mines est situ\u00e9e dans le village de Moli\u00e8res sur C\u00e8ze, \u00e0 7 kilom\u00e8tres de Saint-Ambroix, 26 [&hellip;]<\/p>\n","protected":false},"author":1,"featured_media":0,"parent":0,"menu_order":0,"comment_status":"closed","ping_status":"closed","template":"template-fullwidth.php","meta":{"footnotes":""},"class_list":["post-975","page","type-page","status-publish","hentry"],"_links":{"self":[{"href":"https:\/\/www.notredamedesmines.fr\/index.php\/wp-json\/wp\/v2\/pages\/975","targetHints":{"allow":["GET"]}}],"collection":[{"href":"https:\/\/www.notredamedesmines.fr\/index.php\/wp-json\/wp\/v2\/pages"}],"about":[{"href":"https:\/\/www.notredamedesmines.fr\/index.php\/wp-json\/wp\/v2\/types\/page"}],"author":[{"embeddable":true,"href":"https:\/\/www.notredamedesmines.fr\/index.php\/wp-json\/wp\/v2\/users\/1"}],"replies":[{"embeddable":true,"href":"https:\/\/www.notredamedesmines.fr\/index.php\/wp-json\/wp\/v2\/comments?post=975"}],"version-history":[{"count":26,"href":"https:\/\/www.notredamedesmines.fr\/index.php\/wp-json\/wp\/v2\/pages\/975\/revisions"}],"predecessor-version":[{"id":3270,"href":"https:\/\/www.notredamedesmines.fr\/index.php\/wp-json\/wp\/v2\/pages\/975\/revisions\/3270"}],"wp:attachment":[{"href":"https:\/\/www.notredamedesmines.fr\/index.php\/wp-json\/wp\/v2\/media?parent=975"}],"curies":[{"name":"wp","href":"https:\/\/api.w.org\/{rel}","templated":true}]}}